{"id":438,"date":"2016-11-03T13:40:44","date_gmt":"2016-11-03T13:40:44","guid":{"rendered":"http:\/\/localhost:8888\/startright\/?page_id=438"},"modified":"2023-10-14T11:12:38","modified_gmt":"2023-10-14T09:12:38","slug":"home","status":"publish","type":"page","link":"https:\/\/www.das-soundlabor.de\/wordpress\/","title":{"rendered":"Home"},"content":{"rendered":"<div style=\"display: none;\" class=\"crellyslider-slider crellyslider-slider-full-width crellyslider-slider-home_slider crellyslider-1\" id=\"crellyslider-1\">\n<ul>\n<li\nstyle=\"\nbackground-color: transparent;\nbackground-image: url('https:\/\/www.das-soundlabor.de\/wordpress\/wp-content\/uploads\/2019\/02\/kopfh\u00f6rer_mi_noten.jpg');\nbackground-position: center center;\nbackground-repeat: no-repeat;\nbackground-size: cover;\n\n\"\ndata-in=\"fade\"\ndata-ease-in=\"300\"\ndata-out=\"fade\"\ndata-ease-out=\"300\"\ndata-time=\"3000\"\n>\n<\/li>\n<li\nstyle=\"\nbackground-color: transparent;\nbackground-image: url('https:\/\/www.das-soundlabor.de\/wordpress\/wp-content\/uploads\/2019\/02\/slider2_1400-700.png');\nbackground-position: center center;\nbackground-repeat: no-repeat;\nbackground-size: cover;\n\n\"\ndata-in=\"fade\"\ndata-ease-in=\"300\"\ndata-out=\"fade\"\ndata-ease-out=\"300\"\ndata-time=\"3000\"\n>\n<\/li>\n<li\nstyle=\"\nbackground-color: transparent;\nbackground-image: url('https:\/\/www.das-soundlabor.de\/wordpress\/wp-content\/uploads\/2019\/02\/slider3_1400-700.png');\nbackground-position: center center;\nbackground-repeat: no-repeat;\nbackground-size: cover;\n\n\"\ndata-in=\"fade\"\ndata-ease-in=\"300\"\ndata-out=\"fade\"\ndata-ease-out=\"300\"\ndata-time=\"3000\"\n>\n<\/li>\n<\/ul>\n<\/div>\n<script type=\"text\/javascript\">\n(function($) {\n$(document).ready(function() {\n$(\"#crellyslider-1\").crellySlider({\nlayout: 'full-width',\nresponsive: 1,\nstartWidth: 1140,\nstartHeight: 500,\nautomaticSlide: 1,\nshowControls: 1,\nshowNavigation: 1,\nenableSwipe: 1,\nshowProgressBar: 1,\npauseOnHover: 1,\nrandomOrder: 0,\nstartFromSlide: -1,\nbeforeStart : function() {},\nbeforeSetResponsive : function() {},\nbeforeSlideStart : function() {},\nbeforePause\t: function() {},\nbeforeResume : function() {},\n});\n});\n})(jQuery);\n<\/script>\n\n<h3>Herzlich Willkommen auf den Internetseiten von \u201eDas Soundlabor\u201c. Ihrem Partner f\u00fcr professionelle Audioproduktionen aus Cottbus. Sie suchen Ihren neuen Werbespot f\u00fcrs Radio? Wir kennen ihn schon. Also: Wir freuen uns auf Sie!<\/h3>\n<p>\t\t\t\t\t\t\t\t\t\t\t\t\t\t\t\t<a href=\"#\"><br \/>\n\t\t\t\t\t\t\t<img decoding=\"async\" width=\"1280\" height=\"853\" src=\"https:\/\/www.das-soundlabor.de\/wordpress\/wp-content\/uploads\/2019\/02\/mischpult_blau.jpg\" alt=\"\" loading=\"lazy\" srcset=\"https:\/\/www.das-soundlabor.de\/wordpress\/wp-content\/uploads\/2019\/02\/mischpult_blau.jpg 1280w, https:\/\/www.das-soundlabor.de\/wordpress\/wp-content\/uploads\/2019\/02\/mischpult_blau-300x200.jpg 300w, https:\/\/www.das-soundlabor.de\/wordpress\/wp-content\/uploads\/2019\/02\/mischpult_blau-768x512.jpg 768w, https:\/\/www.das-soundlabor.de\/wordpress\/wp-content\/uploads\/2019\/02\/mischpult_blau-1024x682.jpg 1024w, https:\/\/www.das-soundlabor.de\/wordpress\/wp-content\/uploads\/2019\/02\/mischpult_blau-337x225.jpg 337w, https:\/\/www.das-soundlabor.de\/wordpress\/wp-content\/uploads\/2019\/02\/mischpult_blau-520x347.jpg 520w\" sizes=\"auto, (max-width: 1280px) 100vw, 1280px\" \/>\t\t\t\t\t\t\t\t<\/a><\/p>\n<h4>Experte f\u00fcr Radiowerbung<\/h4>\n<p>Die Aufgabe? \u201eAus der Masse herausstechen.\u201c Das Ziel? \u201eOhne dabei zu nerven.\u201c<br \/>\nUm aufzufallen muss man nicht der sein, der am Lautesten ruft. Bei uns \u00fcberzeugen Sie durch Ihr Produkt und ma\u00dfgeschneiderte, auf w\u00fcnsch originelle, Radiowerbung. Einfach So.<\/p>\n<p>\t\t\t\t\t\t\t\t\t\t\t\t\t\t\t\t<a href=\"#\"><br \/>\n\t\t\t\t\t\t\t<img decoding=\"async\" width=\"1280\" height=\"853\" src=\"https:\/\/www.das-soundlabor.de\/wordpress\/wp-content\/uploads\/2019\/02\/ploppschutz.jpg\" alt=\"\" loading=\"lazy\" srcset=\"https:\/\/www.das-soundlabor.de\/wordpress\/wp-content\/uploads\/2019\/02\/ploppschutz.jpg 1280w, https:\/\/www.das-soundlabor.de\/wordpress\/wp-content\/uploads\/2019\/02\/ploppschutz-300x200.jpg 300w, https:\/\/www.das-soundlabor.de\/wordpress\/wp-content\/uploads\/2019\/02\/ploppschutz-768x512.jpg 768w, https:\/\/www.das-soundlabor.de\/wordpress\/wp-content\/uploads\/2019\/02\/ploppschutz-1024x682.jpg 1024w, https:\/\/www.das-soundlabor.de\/wordpress\/wp-content\/uploads\/2019\/02\/ploppschutz-337x225.jpg 337w, https:\/\/www.das-soundlabor.de\/wordpress\/wp-content\/uploads\/2019\/02\/ploppschutz-520x347.jpg 520w\" sizes=\"auto, (max-width: 1280px) 100vw, 1280px\" \/>\t\t\t\t\t\t\t\t<\/a><\/p>\n<h4>Professionelle Technik<\/h4>\n<p>\u201eNeuman\u201c, \u201eiMac\u201c, \u201eProTools\u201c sind nicht nur Namen. Diese Worte stehen auch f\u00fcr kompromisslose Qualit\u00e4t im Bereich Autioengineering. Und nicht weniger, als das Beste ist uns f\u00fcr unsere Kunden genug.<br \/>\nUnd das geh\u00f6rt auch so.<br \/>\n\t\t\t\t\t\t\t\t\t\t\t\t\t\t\t\t<a href=\"http:\/\/themedemo.createandcode.com\/production-pro\/services\/mechanical-engineering\/\"><br \/>\n\t\t\t\t\t\t\t<img decoding=\"async\" width=\"1280\" height=\"853\" src=\"https:\/\/www.das-soundlabor.de\/wordpress\/wp-content\/uploads\/2019\/02\/schnittcomputer.jpg\" alt=\"\" loading=\"lazy\" srcset=\"https:\/\/www.das-soundlabor.de\/wordpress\/wp-content\/uploads\/2019\/02\/schnittcomputer.jpg 1280w, https:\/\/www.das-soundlabor.de\/wordpress\/wp-content\/uploads\/2019\/02\/schnittcomputer-300x200.jpg 300w, https:\/\/www.das-soundlabor.de\/wordpress\/wp-content\/uploads\/2019\/02\/schnittcomputer-768x512.jpg 768w, https:\/\/www.das-soundlabor.de\/wordpress\/wp-content\/uploads\/2019\/02\/schnittcomputer-1024x682.jpg 1024w, https:\/\/www.das-soundlabor.de\/wordpress\/wp-content\/uploads\/2019\/02\/schnittcomputer-337x225.jpg 337w, https:\/\/www.das-soundlabor.de\/wordpress\/wp-content\/uploads\/2019\/02\/schnittcomputer-520x347.jpg 520w\" sizes=\"auto, (max-width: 1280px) 100vw, 1280px\" \/>\t\t\t\t\t\t\t\t<\/a><\/p>\n<h4>Produktionen vom Profi<\/h4>\n<p>\u00dcber 22 Jahre Erfahrung am Rundfunk- und Werbemarkt lassen uns auch nicht ruhiger schlafen. Aber: Wir wissen genau, wie der Markt sich bewegt, wohin der Trend sich bewegt und was \u201ein\u201c ist. Das l\u00e4\u00dft uns Luft und Raum f\u00fcr Ihr Produkt und neue Ideen. Einfach so.<\/p>\n<h2>F\u00fcr jedem Spa\u00df zu haben?<\/h2>\n<h5>Wir sind immer an neuen Projekten interessiert, egal ob gro\u00df oder klein.<\/h5>\n<p>\t\t\t<a href=\"http:\/\/www.das-soundlabor.de\/wordpress\/contact-us\/\"><br \/>\n\t\t\t\t\t\tKONTAKTIEREN SIE UNS<br \/>\n\t\t\t\t\t<\/a><\/p>\n<h2>Was wir f\u00fcr Sie tun k\u00f6nnen<\/h2>\n<p>\t\t\t\t\t\t\t\t\t\t\t\t<a tabindex=\"0\">Produktion Rundfunk-Werbespots<\/a><br \/>\n\t\t\t\t\tVom klassischen Werbspot, \u00fcber Spot und Reminder, Allonge oder Serien f\u00fcr schnell wechselnde Angebote. Wir liefern schnell, zuverl\u00e4ssig, nach h\u00f6chsten Qualit\u00e4tsstandards und stets sendefertig.<br \/>\n\t\t\t\t\t\t\t\t\t\t\t\t<a tabindex=\"0\">Werbecampagne<\/a><br \/>\n\t\t\t\t\tSie haben das Produkt und wissen nicht genau, wie sie es \u201eunter das Volk bringen\u201c sollen? Kein Problem! Wir entwickeln mit Ihnen die Strategie und sogen f\u00fcr die entsprechenden Werbespots beim lokalen oder \u00fcberregionalen Radiosender.<br \/>\n\t\t\t\t\t\t\t\t\t\t\t\t<a tabindex=\"0\">Merchandising<\/a><br \/>\n\t\t\t\t\tSie wollen Ihre Produkte zus\u00e4tzlich mit Goodies oder Werbegeschenken aufwerten? Wir bieten Ihnen die Alles-Aus-Einer-Hand-L\u00f6sung an.<br \/>\n\t\t\t\t\t\t\t\t\t\t\t\t<a tabindex=\"0\">Notfall L\u00f6sungen<\/a><br \/>\n\t\t\t\t\tSie ben\u00f6tigen das alles schon gestern? Ihre Agentur hat Sie h\u00e4ngen lassen? Wir urteilen nicht, wir fragen nicht warum. Wir liefern nur die L\u00f6sung. Auf w\u00fcnsch auch noch am selben Tag.<br \/>\n\t\t\t<a href=\"http:\/\/www.das-soundlabor.de\/wordpress\/contact-us\/\"><br \/>\n\t\t\t\t\t\tFragen? Fragen!<br \/>\n\t\t\t\t\t<\/a><\/p>\n<figure><img decoding=\"async\" src=\"https:\/\/www.das-soundlabor.de\/wordpress\/wp-content\/uploads\/2019\/02\/DSC_4598.jpg\" alt=\"DSC_4598\" \/><\/figure>\n<figure><img decoding=\"async\" src=\"https:\/\/www.das-soundlabor.de\/wordpress\/wp-content\/uploads\/2019\/02\/IMG_0055.jpg\" alt=\"IMG_0055\" \/><\/figure>\n<figure><img decoding=\"async\" src=\"https:\/\/www.das-soundlabor.de\/wordpress\/wp-content\/uploads\/2019\/02\/DSC_4577.jpg\" alt=\"DSC_4577\" \/><\/figure>\n<figure><img decoding=\"async\" src=\"https:\/\/www.das-soundlabor.de\/wordpress\/wp-content\/uploads\/2019\/02\/DSC_4584.jpg\" alt=\"DSC_4584\" \/><\/figure>\n<h2 style=\"text-align: center;\">Unsere Vorteile<\/h2>\n<h3 style=\"text-align: center;\">Erfahren<\/h3>\n<p style=\"text-align: center;\">Wir verf\u00fcgen \u00fcber mehr als 22 Jahre Branchenerfahrung.<\/p>\n<h3 style=\"text-align: center;\">Greifbar<\/h3>\n<p style=\"text-align: center;\">Kundenanfragen beantworten wir immer innerhalb von 24 Stunden.<\/p>\n<h3 style=\"text-align: center;\">Technik<\/h3>\n<p style=\"text-align: center;\">In all unseren Projekten setzen wir fortschrittliche Technologien ein.<\/p>\n<h2>\u00dcber uns\u2026<\/h2>\n<h5>Wir helfen interessierten Unternehmen, durch langj\u00e4hrige und sich gegenseitig lohnende Beziehungen Werbeprodukte und -dienstleistungen zu entwickeln und zu verbessern.<\/h5>\n<h5>Wir arbeiten mit unseren Partnern zusammen, um Projekte professionell und p\u00fcnktlich zu erstellen. Das ist entscheidend f\u00fcr den Erfolg in einem hart umk\u00e4mpften Werbemarkt, in dem jeder Tag z\u00e4hlt.<\/h5>\n<h5>Unser Team bietet modernste und nachhaltige kundenspezifische Werbel\u00f6sungen. Wir beziehen Zulieferungen nur von bew\u00e4hrten und vertrauensw\u00fcrdigen Lieferanten, die unsere strengen Qualit\u00e4tskontrollstandards erf\u00fcllen.<\/h5>\n<h4>Unsere Kunden<\/h4>\n<h5>Eine Auswahl der Partner, die uns bereits vertrauen.<\/h5>\n<p>\t\t\t\t\t\t\t\t\t\t\t\t\t\t\t<img decoding=\"async\" width=\"760\" height=\"299\" src=\"https:\/\/www.das-soundlabor.de\/wordpress\/wp-content\/uploads\/2019\/02\/logo-radio-potsdam10001.png\" alt=\"\" loading=\"lazy\" srcset=\"https:\/\/www.das-soundlabor.de\/wordpress\/wp-content\/uploads\/2019\/02\/logo-radio-potsdam10001.png 1000w, https:\/\/www.das-soundlabor.de\/wordpress\/wp-content\/uploads\/2019\/02\/logo-radio-potsdam10001-300x118.png 300w, https:\/\/www.das-soundlabor.de\/wordpress\/wp-content\/uploads\/2019\/02\/logo-radio-potsdam10001-768x303.png 768w\" sizes=\"auto, (max-width: 760px) 100vw, 760px\" \/><br \/>\n\t\t\t\t\t\t\t\t\t\t\t\t\t\t\t<img decoding=\"async\" width=\"760\" height=\"515\" src=\"https:\/\/www.das-soundlabor.de\/wordpress\/wp-content\/uploads\/2019\/02\/radio_paradiso.jpg\" alt=\"\" loading=\"lazy\" srcset=\"https:\/\/www.das-soundlabor.de\/wordpress\/wp-content\/uploads\/2019\/02\/radio_paradiso.jpg 898w, https:\/\/www.das-soundlabor.de\/wordpress\/wp-content\/uploads\/2019\/02\/radio_paradiso-300x203.jpg 300w, https:\/\/www.das-soundlabor.de\/wordpress\/wp-content\/uploads\/2019\/02\/radio_paradiso-768x520.jpg 768w\" sizes=\"auto, (max-width: 760px) 100vw, 760px\" \/><br \/>\n\t\t\t\t\t\t\t\t\t\t\t\t\t\t\t<img decoding=\"async\" width=\"760\" height=\"316\" src=\"https:\/\/www.das-soundlabor.de\/wordpress\/wp-content\/uploads\/2019\/02\/antenne-frankfurt-1024x426.jpg\" alt=\"\" loading=\"lazy\" srcset=\"https:\/\/www.das-soundlabor.de\/wordpress\/wp-content\/uploads\/2019\/02\/antenne-frankfurt-1024x426.jpg 1024w, https:\/\/www.das-soundlabor.de\/wordpress\/wp-content\/uploads\/2019\/02\/antenne-frankfurt-300x125.jpg 300w, https:\/\/www.das-soundlabor.de\/wordpress\/wp-content\/uploads\/2019\/02\/antenne-frankfurt-768x319.jpg 768w, https:\/\/www.das-soundlabor.de\/wordpress\/wp-content\/uploads\/2019\/02\/antenne-frankfurt.jpg 1839w\" sizes=\"auto, (max-width: 760px) 100vw, 760px\" \/><br \/>\n\t\t\t\t\t\t\t\t\t\t\t\t\t\t\t<img decoding=\"async\" width=\"626\" height=\"226\" src=\"https:\/\/www.das-soundlabor.de\/wordpress\/wp-content\/uploads\/2019\/02\/Logo_antenne-koblenz.jpg\" alt=\"\" loading=\"lazy\" srcset=\"https:\/\/www.das-soundlabor.de\/wordpress\/wp-content\/uploads\/2019\/02\/Logo_antenne-koblenz.jpg 626w, https:\/\/www.das-soundlabor.de\/wordpress\/wp-content\/uploads\/2019\/02\/Logo_antenne-koblenz-300x108.jpg 300w\" sizes=\"auto, (max-width: 626px) 100vw, 626px\" \/><br \/>\n\t\t\t\t\t\t\t\t\t\t\t\t\t\t\t<img decoding=\"async\" width=\"760\" height=\"269\" src=\"https:\/\/www.das-soundlabor.de\/wordpress\/wp-content\/uploads\/2019\/02\/94.5_RADIO_COTTBUS_Logo-1024x363.png\" alt=\"\" loading=\"lazy\" srcset=\"https:\/\/www.das-soundlabor.de\/wordpress\/wp-content\/uploads\/2019\/02\/94.5_RADIO_COTTBUS_Logo-1024x363.png 1024w, https:\/\/www.das-soundlabor.de\/wordpress\/wp-content\/uploads\/2019\/02\/94.5_RADIO_COTTBUS_Logo-300x106.png 300w, https:\/\/www.das-soundlabor.de\/wordpress\/wp-content\/uploads\/2019\/02\/94.5_RADIO_COTTBUS_Logo-768x272.png 768w\" sizes=\"auto, (max-width: 760px) 100vw, 760px\" \/><br \/>\n\t\t\t\t\t\t\tMitarbeiter<br \/>\n\t\t\t\t\t\t\tSender<br \/>\n\t\t\t\t\t\t\tKunden<br \/>\n\t\t\t\t\t\t\tRadiospots<\/p>\n<h2>Unser Team<\/h2>\n<p>\t\t\t\t\t\t\t\t\t\t\t\t\t\t\t<img decoding=\"async\" width=\"294\" height=\"196\" src=\"https:\/\/www.das-soundlabor.de\/wordpress\/wp-content\/uploads\/2019\/02\/majcen_1080-720.png\" alt=\"\" loading=\"lazy\" \/>\t\t\t\t\t\t\t\t\t\t\t\t\t\t\t<\/p>\n<h5>Alexander Majcen<\/h5>\n<p>Gesch\u00e4ftsf\u00fchrer<\/p>\n<p>\t\t\t\t\t\t\t\t\t\t\t\t\t\t\t<img decoding=\"async\" width=\"300\" height=\"200\" src=\"https:\/\/www.das-soundlabor.de\/wordpress\/wp-content\/uploads\/2019\/02\/christy1080-720.png\" alt=\"\" loading=\"lazy\" \/>\t\t\t\t\t\t\t\t\t\t\t\t\t\t\t<\/p>\n<h5>Christin Diemert<\/h5>\n<p>Produktion<\/p>\n<p>\t\t\t\t\t\t\t\t\t\t\t\t\t\t\t<img decoding=\"async\" width=\"300\" height=\"200\" src=\"https:\/\/www.das-soundlabor.de\/wordpress\/wp-content\/uploads\/2019\/02\/heger_1080-720.png\" alt=\"\" loading=\"lazy\" \/>\t\t\t\t\t\t\t\t\t\t\t\t\t\t\t<\/p>\n<h5>Michael Heger<\/h5>\n<p>Websolutions<\/p>\n<h2>Sprechen Sie uns an<\/h2>\n<p>M\u00f6chten Sie telefonisch mit einem unserer Mitarbeiter sprechen? Senden Sie einfach Ihre Daten und wir werden uns in K\u00fcrze mit Ihnen in Verbindung setzen.<br \/>\n\t\t\t\n<div class=\"wpcf7 no-js\" id=\"wpcf7-f779-o1\" lang=\"en-US\" dir=\"ltr\" data-wpcf7-id=\"779\">\n<div class=\"screen-reader-response\"><p role=\"status\" aria-live=\"polite\" aria-atomic=\"true\"><\/p> <ul><\/ul><\/div>\n<form action=\"\/wordpress\/wp-json\/wp\/v2\/pages\/438#wpcf7-f779-o1\" method=\"post\" class=\"wpcf7-form init\" aria-label=\"Contact form\" novalidate=\"novalidate\" data-status=\"init\">\n<fieldset class=\"hidden-fields-container\"><input type=\"hidden\" name=\"_wpcf7\" value=\"779\" \/><input type=\"hidden\" name=\"_wpcf7_version\" value=\"6.1.5\" \/><input type=\"hidden\" name=\"_wpcf7_locale\" value=\"en_US\" \/><input type=\"hidden\" name=\"_wpcf7_unit_tag\" value=\"wpcf7-f779-o1\" \/><input type=\"hidden\" name=\"_wpcf7_container_post\" value=\"0\" \/><input type=\"hidden\" name=\"_wpcf7_posted_data_hash\" value=\"\" \/>\n<\/fieldset>\n<div class=\"row\">\n\t<div class=\"col-lg-6 col-md-6\">\n\t\t<p>Ihr Name <span class=\"required\">*<\/span>\n\t\t<\/p>\n\t\t<p><span class=\"wpcf7-form-control-wrap\" data-name=\"your-name\"><input size=\"40\" maxlength=\"400\" class=\"wpcf7-form-control wpcf7-text wpcf7-validates-as-required\" aria-required=\"true\" aria-invalid=\"false\" value=\"\" type=\"text\" name=\"your-name\" \/><\/span>\n\t\t<\/p>\n\t<\/div>\n\t<div class=\"col-lg-6 col-md-6\">\n\t\t<p>Ihre Email-Adresse <span class=\"required\">*<\/span>\n\t\t<\/p>\n\t\t<p><span class=\"wpcf7-form-control-wrap\" data-name=\"your-email\"><input size=\"40\" maxlength=\"400\" class=\"wpcf7-form-control wpcf7-email wpcf7-validates-as-required wpcf7-text wpcf7-validates-as-email\" aria-required=\"true\" aria-invalid=\"false\" value=\"\" type=\"email\" name=\"your-email\" \/><\/span>\n\t\t<\/p>\n\t<\/div>\n<\/div>\n<div class=\"row\">\n\t<div class=\"col-lg-6 col-md-6\">\n\t\t<p>Ihre Firma \/ Organisation\n\t\t<\/p>\n\t\t<p><span class=\"wpcf7-form-control-wrap\" data-name=\"your-company\"><input size=\"40\" maxlength=\"400\" class=\"wpcf7-form-control wpcf7-text\" aria-invalid=\"false\" value=\"\" type=\"text\" name=\"your-company\" \/><\/span>\n\t\t<\/p>\n\t<\/div>\n\t<div class=\"col-lg-6 col-md-6\">\n\t\t<p>Ihre Telefonnummer <span class=\"required\">*<\/span>\n\t\t<\/p>\n\t\t<p><span class=\"wpcf7-form-control-wrap\" data-name=\"your-phone\"><input size=\"40\" maxlength=\"400\" class=\"wpcf7-form-control wpcf7-text wpcf7-validates-as-required\" aria-required=\"true\" aria-invalid=\"false\" value=\"\" type=\"text\" name=\"your-phone\" \/><\/span>\n\t\t<\/p>\n\t<\/div>\n<\/div>\n<div class=\"row\">\n\t<div class=\"col-lg-12 col-md-12\">\n\t\t<p>Ihre Nachricht an uns <span class=\"required\">*<\/span>\n\t\t<\/p>\n\t\t<p><span class=\"wpcf7-form-control-wrap\" data-name=\"your-message\"><textarea cols=\"40\" rows=\"10\" maxlength=\"2000\" class=\"wpcf7-form-control wpcf7-textarea wpcf7-validates-as-required\" aria-required=\"true\" aria-invalid=\"false\" name=\"your-message\"><\/textarea><\/span>\n\t\t<\/p>\n\t\t<p><input class=\"wpcf7-form-control wpcf7-submit has-spinner\" type=\"submit\" value=\"Send\" \/>\n\t\t<\/p>\n\t<\/div>\n<\/div><div class=\"wpcf7-response-output\" aria-hidden=\"true\"><\/div>\n<\/form>\n<\/div>\n\t\t<\/p>\n<figure><img decoding=\"async\" src=\"http:\/\/themedemo.createandcode.com\/production\/wp-content\/uploads\/sites\/17\/2016\/11\/dummy_logo_07.jpg\" alt=\"\" \/><\/figure>\n<figure><img decoding=\"async\" src=\"http:\/\/themedemo.createandcode.com\/production\/wp-content\/uploads\/sites\/17\/2016\/11\/dummy_logo_06.jpg\" alt=\"\" \/><\/figure>\n<figure><img decoding=\"async\" src=\"http:\/\/themedemo.createandcode.com\/production\/wp-content\/uploads\/sites\/17\/2016\/11\/dummy_logo_05.jpg\" alt=\"\" \/><\/figure>\n<figure><img decoding=\"async\" src=\"http:\/\/themedemo.createandcode.com\/production\/wp-content\/uploads\/sites\/17\/2016\/11\/dummy_logo_04.jpg\" alt=\"\" \/><\/figure>\n<figure><img decoding=\"async\" src=\"http:\/\/themedemo.createandcode.com\/production\/wp-content\/uploads\/sites\/17\/2016\/11\/dummy_logo_03.jpg\" alt=\"\" \/><\/figure>\n<figure><img decoding=\"async\" src=\"http:\/\/themedemo.createandcode.com\/production\/wp-content\/uploads\/sites\/17\/2016\/11\/dummy_logo_02.jpg\" alt=\"\" \/><\/figure>\n<figure><img decoding=\"async\" src=\"http:\/\/themedemo.createandcode.com\/production\/wp-content\/uploads\/sites\/17\/2016\/11\/dummy_logo_01.jpg\" alt=\"\" \/><\/figure>\n","protected":false},"excerpt":{"rendered":"<p>Herzlich Willkommen auf den Internetseiten von \u201eDas Soundlabor\u201c. Ihrem Partner f\u00fcr professionelle Audioproduktionen aus Cottbus. Sie suchen Ihren neuen Werbespot f\u00fcrs Radio? Wir kennen ihn schon. Also: Wir freuen uns auf Sie! Experte f\u00fcr Radiowerbung Die Aufgabe? \u201eAus der Masse herausstechen.\u201c Das Ziel? \u201eOhne dabei zu nerven.\u201c Um aufzufallen muss man nicht der sein, der [&hellip;]<\/p>\n","protected":false},"author":1,"featured_media":0,"parent":0,"menu_order":0,"comment_status":"closed","ping_status":"closed","template":"page-full-width-without-heading.php","meta":{"footnotes":""},"class_list":["post-438","page","type-page","status-publish","hentry"],"_links":{"self":[{"href":"https:\/\/www.das-soundlabor.de\/wordpress\/wp-json\/wp\/v2\/pages\/438","targetHints":{"allow":["GET"]}}],"collection":[{"href":"https:\/\/www.das-soundlabor.de\/wordpress\/wp-json\/wp\/v2\/pages"}],"about":[{"href":"https:\/\/www.das-soundlabor.de\/wordpress\/wp-json\/wp\/v2\/types\/page"}],"author":[{"embeddable":true,"href":"https:\/\/www.das-soundlabor.de\/wordpress\/wp-json\/wp\/v2\/users\/1"}],"replies":[{"embeddable":true,"href":"https:\/\/www.das-soundlabor.de\/wordpress\/wp-json\/wp\/v2\/comments?post=438"}],"version-history":[{"count":31,"href":"https:\/\/www.das-soundlabor.de\/wordpress\/wp-json\/wp\/v2\/pages\/438\/revisions"}],"predecessor-version":[{"id":1040,"href":"https:\/\/www.das-soundlabor.de\/wordpress\/wp-json\/wp\/v2\/pages\/438\/revisions\/1040"}],"wp:attachment":[{"href":"https:\/\/www.das-soundlabor.de\/wordpress\/wp-json\/wp\/v2\/media?parent=438"}],"curies":[{"name":"wp","href":"https:\/\/api.w.org\/{rel}","templated":true}]}}