{"id":340,"date":"2016-11-01T16:34:07","date_gmt":"2016-11-01T16:34:07","guid":{"rendered":"http:\/\/localhost:8888\/startright\/?page_id=340"},"modified":"2023-10-14T11:22:00","modified_gmt":"2023-10-14T09:22:00","slug":"about-us","status":"publish","type":"page","link":"https:\/\/www.das-soundlabor.de\/wordpress\/about-us\/","title":{"rendered":"\u00fcber uns&#8230;"},"content":{"rendered":"<h2>Wir haben immer die z\u00fcndende Idee<\/h2>\n<p>Sprecher her, Musik drunter,<br \/>lustiges Telefonklingeln an den Anfang\u2026<\/p>\n<p>\u2026fertig ist ein 1A Radiospot. Soso\u2026\u00a0<\/p>\n<p>K\u00f6nnen wir auch. Machen wir aber nicht gerne!<\/p>\n<p>Wenn Ihr Auftritt im Radio nicht im Werbeblock untergehen soll, sind wir die richtigen Partner f\u00fcr SIE.<\/p>\n<p>Mit hunderten Rundfunkproduktionen pro Jahr wissen wir worauf es ankommt. Erfahrene Produzenten mischen Ihren Werbeauftritt ganz nach vorne. Nationaler Sound zum fairen Preis, <strong>ab 119,-\u20ac<\/strong> zzgl. MwSt 19%.<\/p>\n<figure><img decoding=\"async\" src=\"https:\/\/www.das-soundlabor.de\/wordpress\/wp-content\/uploads\/2019\/02\/majcen_arbeitsplatz.jpg\" alt=\"majcen_arbeitsplatz\" \/><\/figure>\n<figure><img decoding=\"async\" src=\"https:\/\/www.das-soundlabor.de\/wordpress\/wp-content\/uploads\/2019\/02\/diemert_arbeitsplatz.png\" alt=\"diemert_arbeitsplatz\" \/><\/figure>\n<figure><img decoding=\"async\" src=\"https:\/\/www.das-soundlabor.de\/wordpress\/wp-content\/uploads\/2019\/02\/heger_arbeitsplatz.png\" alt=\"heger_arbeitsplatz\" \/><\/figure>\n<h3 style=\"text-align: center;\">\u201eWir lieben gute Radiowerbung. Von Start-ups bis zum alteingesessenen Unternehmen beraten wir bei Konzeption und Produktion professioneller Radiowerbung.\u201d<\/h3>\n<h2>Auf unsere Erfahrung ist Verlass\u00a0<\/h2>\n<p>\u00dcber 20 Jahre Erfahrung am Rundfunk- und Werbemarkt lassen uns auch nicht ruhiger schlafen. Aber: Wir wissen genau, wie der Markt sich bewegt, wohin der Trend sich bewegt und was \u201cin\u201d ist. Das l\u00e4\u00dft uns Luft und Raum f\u00fcr Ihr Produkt und neue Ideen. Einfach so.<\/p>\n<p>Wir beziehen Zulieferungen nur von bew\u00e4hrten und vertrauensw\u00fcrdigen Lieferanten, die unsere strengen Qualit\u00e4tskontrollstandards erf\u00fcllen.<\/p>\n<p>So einfach ist das.<br \/>\n\t\t\t\t\t\t\t\t\t\t\t\t<a tabindex=\"0\">Welche Services bieten wir an?<\/a><\/p>\n<p>Von der Idee \u00fcber die Konzeptionierung, von der Planung Ihrer Schaltpl\u00e4ne bis hin zum fertigen Spot oder einer kompletten Kampagne. DAS SOUNDLABOR ist Ihre all-in-one L\u00f6sung, wenns um Werbung im Rundfunk geht. Einfach so.<\/p>\n<p>\t\t\t\t\t\t\t\t\t\t\t\t<a tabindex=\"0\">Bieten Sie einen ma\u00dfgeschneiderten Plan f\u00fcr mein Produkt an?<\/a><\/p>\n<p>Lassen Sie es mich mal so ausdr\u00fccken: Das ist exakt das, was wir Ihnen anbieten. Ma\u00dfgeschneidert, pers\u00f6nlich, preislich fair und das auch noch p\u00fcnktlich. Einfach so.<\/p>\n<p>\t\t\t\t\t\t\t\t\t\t\t\t<a tabindex=\"0\">Wie kann ich eine pers\u00f6nliche Beratung vereinbaren?<\/a><\/p>\n<p>Nutzen Sie einfach unsere Kontaktformulare hier auf der Internetseite oder die ebenfalls hier angegebenen telefonischen Kontaktwege und vereinbaren Sie einen Termin. Einfach So.<\/p>\n<h2 style=\"text-align: center;\">Warum \u201eDas Soundlabor\u201c?<\/h2>\n<h3 style=\"text-align: center;\">Zeitgeist<\/h3>\n<p style=\"text-align: center;\">Durch unsere t\u00e4gliche Bewegung am Markt treffen wir mit unseren Produktionen stets den Trend der Zeit.<\/p>\n<h3 style=\"text-align: center;\">Kenntnisreich<\/h3>\n<p style=\"text-align: center;\">Mit den besten K\u00f6pfen der Branche garantieren wir Ihnen ein hervorragendes Ergebnis.<\/p>\n<h3 style=\"text-align: center;\">Erfahren<\/h3>\n<p style=\"text-align: center;\">Wir haben \u00fcber 15 Jahre Erfahrung in der Rundfunkwerbung f\u00fcr Startups bis Gro\u00dfunternehmen.<\/p>\n<h3 style=\"text-align: center;\">Zielgerichtet<\/h3>\n<p style=\"text-align: center;\">Mit unseren erfahrenen Mitarbeitern analysieren und erstellen wir eine individuelle Werbestrategie f\u00fcr Sie.<\/p>\n","protected":false},"excerpt":{"rendered":"<p>Wir haben immer die z\u00fcndende Idee Sprecher her, Musik drunter,lustiges Telefonklingeln an den Anfang\u2026 \u2026fertig ist ein 1A Radiospot. Soso\u2026\u00a0 K\u00f6nnen wir auch. Machen wir aber nicht gerne! Wenn Ihr Auftritt im Radio nicht im Werbeblock untergehen soll, sind wir die richtigen Partner f\u00fcr SIE. Mit hunderten Rundfunkproduktionen pro Jahr wissen wir worauf es ankommt. [&hellip;]<\/p>\n","protected":false},"author":1,"featured_media":71025,"parent":0,"menu_order":0,"comment_status":"closed","ping_status":"closed","template":"page-full-width.php","meta":{"footnotes":""},"class_list":["post-340","page","type-page","status-publish","has-post-thumbnail","hentry"],"_links":{"self":[{"href":"https:\/\/www.das-soundlabor.de\/wordpress\/wp-json\/wp\/v2\/pages\/340","targetHints":{"allow":["GET"]}}],"collection":[{"href":"https:\/\/www.das-soundlabor.de\/wordpress\/wp-json\/wp\/v2\/pages"}],"about":[{"href":"https:\/\/www.das-soundlabor.de\/wordpress\/wp-json\/wp\/v2\/types\/page"}],"author":[{"embeddable":true,"href":"https:\/\/www.das-soundlabor.de\/wordpress\/wp-json\/wp\/v2\/users\/1"}],"replies":[{"embeddable":true,"href":"https:\/\/www.das-soundlabor.de\/wordpress\/wp-json\/wp\/v2\/comments?post=340"}],"version-history":[{"count":17,"href":"https:\/\/www.das-soundlabor.de\/wordpress\/wp-json\/wp\/v2\/pages\/340\/revisions"}],"predecessor-version":[{"id":1046,"href":"https:\/\/www.das-soundlabor.de\/wordpress\/wp-json\/wp\/v2\/pages\/340\/revisions\/1046"}],"wp:featuredmedia":[{"embeddable":true,"href":"https:\/\/www.das-soundlabor.de\/wordpress\/wp-json\/"}],"wp:attachment":[{"href":"https:\/\/www.das-soundlabor.de\/wordpress\/wp-json\/wp\/v2\/media?parent=340"}],"curies":[{"name":"wp","href":"https:\/\/api.w.org\/{rel}","templated":true}]}}